{"id":6,"date":"2014-09-20T10:05:36","date_gmt":"2014-09-20T08:05:36","guid":{"rendered":"http:\/\/bv07raigering.de\/?page_id=6"},"modified":"2026-01-16T15:31:01","modified_gmt":"2026-01-16T14:31:01","slug":"bv-07-raigering","status":"publish","type":"page","link":"https:\/\/bv07raigering.de\/?page_id=6","title":{"rendered":"Burschenverein 07 Raigering"},"content":{"rendered":"\n<p class=\"has-text-align-left\">Der Burschenverein Raigering wird momentan von Bastian Gr\u00fcnwald als erster Vorstand angef\u00fchrt. Ihm zur Seite stehen der zweite Vorstand Lean Ri\u00df, Kassier Felix Erlbacher, Schriftf\u00fchrer Luis Fr\u00fchwirth sowie die drei Ausschussmitglieder Marcel Opeldus, Elias Scherr und Matthias Scharl.<\/p>\n\n\n\n<p class=\"has-text-align-left\">Der Burschenverein 07 Raigering z\u00e4hlt aktuell 50 aktive und 78 passive Mitglieder, die auf zahlreichen Veranstaltungen und selbstverst\u00e4ndlich auch Arbeitsdiensten f\u00fcr die Belange des Vereins gerne im Einsatz sind. Besonders gro\u00df geschrieben wird beim BV 07 die Pflege alter bayerischer und oberpf\u00e4lzer Traditionen. Doch auch ein geselliges Miteinander, Teilnahme an Festen befreundeter Vereine und die Ausrichtung eigener Veranstaltungen sind fester Bestandteil im Jahresablauf des Burschenvereins. Mitglied werden kann jeder m\u00e4nnliche Bewohner Raigerings, der mindestens 16 Jahre alt ist und einen guten Leumund besitzt.<\/p>\n\n\n\n<figure class=\"wp-block-image size-large\"><img loading=\"lazy\" decoding=\"async\" width=\"1024\" height=\"768\" src=\"https:\/\/bv07raigering.de\/wp-content\/uploads\/82295869_2957697340935795_2648500383466389504_n-1024x768.jpg\" alt=\"\" class=\"wp-image-839\" srcset=\"https:\/\/bv07raigering.de\/wp-content\/uploads\/82295869_2957697340935795_2648500383466389504_n-1024x768.jpg 1024w, https:\/\/bv07raigering.de\/wp-content\/uploads\/82295869_2957697340935795_2648500383466389504_n-300x225.jpg 300w, https:\/\/bv07raigering.de\/wp-content\/uploads\/82295869_2957697340935795_2648500383466389504_n.jpg 1400w\" sizes=\"auto, (max-width: 1024px) 100vw, 1024px\" \/><\/figure>\n\n\n\n<p><\/p>\n\n\n\n<p class=\"has-text-align-left\">&gt;&gt; Du bist ein Raigeringer, wohnst in unserem sch\u00f6nen Stadtteil?<\/p>\n\n\n\n<p class=\"has-text-align-left\"> &gt;&gt; Bist schon mindestens 16 Jahre alt?<\/p>\n\n\n\n<p class=\"has-text-align-left\">&gt;&gt; Du hast Lust auf ein geselliges Vereinsleben mit Brauchtumspflege?<\/p>\n\n\n\n<p>&gt;&gt; Und das alles f\u00fcr nur 15 Euro Jahresbeitrag!<\/p>\n\n\n\n<p class=\"has-text-align-center\"><strong>Dann bist Du beim BV 07 Raigering genau richtig!<\/strong><\/p>\n\n\n\n<p class=\"has-text-align-center\">Lust bekommen? <br>Dann melde dich bei einem unserer Vorstandsmitglieder, per E-Mail, Facebook oder Instagram!<\/p>\n\n\n\n<figure class=\"wp-block-image aligncenter size-medium is-style-default\"><img loading=\"lazy\" decoding=\"async\" width=\"300\" height=\"300\" src=\"https:\/\/bv07raigering.de\/wp-content\/uploads\/bv07-logo-neu-min-300x300.jpg\" alt=\"\" class=\"wp-image-983\" srcset=\"https:\/\/bv07raigering.de\/wp-content\/uploads\/bv07-logo-neu-min-300x300.jpg 300w, https:\/\/bv07raigering.de\/wp-content\/uploads\/bv07-logo-neu-min-150x150.jpg 150w, https:\/\/bv07raigering.de\/wp-content\/uploads\/bv07-logo-neu-min.jpg 626w\" sizes=\"auto, (max-width: 300px) 100vw, 300px\" \/><\/figure>\n","protected":false},"excerpt":{"rendered":"<p>Der Burschenverein Raigering wird momentan von Bastian Gr\u00fcnwald als erster Vorstand angef\u00fchrt. Ihm zur Seite stehen der zweite Vorstand Lean Ri\u00df, Kassier Felix Erlbacher, Schriftf\u00fchrer Luis Fr\u00fchwirth sowie die drei Ausschussmitglieder Marcel Opeldus, Elias Scherr und Matthias Scharl. Der Burschenverein 07 Raigering z\u00e4hlt aktuell 50 aktive und 78 passive Mitglieder, die auf zahlreichen Veranstaltungen und [&hellip;]<\/p>\n","protected":false},"author":3,"featured_media":618,"parent":0,"menu_order":1,"comment_status":"open","ping_status":"closed","template":"","meta":{"site-sidebar-layout":"default","site-content-layout":"default","ast-site-content-layout":"default","site-content-style":"default","site-sidebar-style":"default","ast-global-header-display":"","ast-banner-title-visibility":"","ast-main-header-display":"","ast-hfb-above-header-display":"","ast-hfb-below-header-display":"","ast-hfb-mobile-header-display":"","site-post-title":"","ast-breadcrumbs-content":"","ast-featured-img":"","footer-sml-layout":"","ast-disable-related-posts":"","theme-transparent-header-meta":"default","adv-header-id-meta":"","stick-header-meta":"","header-above-stick-meta":"","header-main-stick-meta":"","header-below-stick-meta":"","astra-migrate-meta-layouts":"set","ast-page-background-enabled":"default","ast-page-background-meta":{"desktop":{"background-color":"","background-image":"","background-repeat":"repeat","background-position":"center center","background-size":"auto","background-attachment":"scroll","background-type":"","background-media":"","overlay-type":"","overlay-color":"","overlay-opacity":"","overlay-gradient":""},"tablet":{"background-color":"","background-image":"","background-repeat":"repeat","background-position":"center center","background-size":"auto","background-attachment":"scroll","background-type":"","background-media":"","overlay-type":"","overlay-color":"","overlay-opacity":"","overlay-gradient":""},"mobile":{"background-color":"","background-image":"","background-repeat":"repeat","background-position":"center center","background-size":"auto","background-attachment":"scroll","background-type":"","background-media":"","overlay-type":"","overlay-color":"","overlay-opacity":"","overlay-gradient":""}},"ast-content-background-meta":{"desktop":{"background-color":"var(--ast-global-color-5)","background-image":"","background-repeat":"repeat","background-position":"center center","background-size":"auto","background-attachment":"scroll","background-type":"","background-media":"","overlay-type":"","overlay-color":"","overlay-opacity":"","overlay-gradient":""},"tablet":{"background-color":"var(--ast-global-color-5)","background-image":"","background-repeat":"repeat","background-position":"center center","background-size":"auto","background-attachment":"scroll","background-type":"","background-media":"","overlay-type":"","overlay-color":"","overlay-opacity":"","overlay-gradient":""},"mobile":{"background-color":"var(--ast-global-color-5)","background-image":"","background-repeat":"repeat","background-position":"center center","background-size":"auto","background-attachment":"scroll","background-type":"","background-media":"","overlay-type":"","overlay-color":"","overlay-opacity":"","overlay-gradient":""}},"footnotes":""},"class_list":["post-6","page","type-page","status-publish","has-post-thumbnail","hentry"],"yoast_head":"<!-- This site is optimized with the Yoast SEO plugin v27.4 - https:\/\/yoast.com\/product\/yoast-seo-wordpress\/ -->\n<title>Burschenverein 07 Raigering &#8211;<\/title>\n<meta name=\"description\" content=\"Der BV 07 z\u00e4hlt aktuell insgesamt 128 Mitglieder, die auf zahlreichen Veranstaltungen und Arbeitsdiensten f\u00fcr die Belange des Vereins im Einsatz sind.\" \/>\n<meta name=\"robots\" content=\"index, follow, max-snippet:-1, max-image-preview:large, max-video-preview:-1\" \/>\n<link rel=\"canonical\" href=\"https:\/\/bv07raigering.de\/?page_id=6\" \/>\n<meta property=\"og:locale\" content=\"de_DE\" \/>\n<meta property=\"og:type\" content=\"article\" \/>\n<meta property=\"og:title\" content=\"Burschenverein 07 Raigering &#8211;\" \/>\n<meta property=\"og:description\" content=\"Der BV 07 z\u00e4hlt aktuell insgesamt 128 Mitglieder, die auf zahlreichen Veranstaltungen und Arbeitsdiensten f\u00fcr die Belange des Vereins im Einsatz sind.\" \/>\n<meta property=\"og:url\" content=\"https:\/\/bv07raigering.de\/?page_id=6\" \/>\n<meta property=\"og:site_name\" content=\"Burschenverein 07 Raigering\" \/>\n<meta property=\"article:publisher\" content=\"https:\/\/de-de.facebook.com\/bv07raigering\/\" \/>\n<meta property=\"article:modified_time\" content=\"2026-01-16T14:31:01+00:00\" \/>\n<meta property=\"og:image\" content=\"https:\/\/bv07raigering.de\/wp-content\/uploads\/Vortragen-des-43m-Baumes-Richtung-Baumloch-zum-Aufstellen-am-Kirwasamstag-1.jpg\" \/>\n\t<meta property=\"og:image:width\" content=\"1000\" \/>\n\t<meta property=\"og:image:height\" content=\"233\" \/>\n\t<meta property=\"og:image:type\" content=\"image\/jpeg\" \/>\n<meta name=\"twitter:card\" content=\"summary_large_image\" \/>\n<meta name=\"twitter:label1\" content=\"Gesch\u00e4tzte Lesezeit\" \/>\n\t<meta name=\"twitter:data1\" content=\"2\u00a0Minuten\" \/>\n<script type=\"application\/ld+json\" class=\"yoast-schema-graph\">{\"@context\":\"https:\\\/\\\/schema.org\",\"@graph\":[{\"@type\":\"WebPage\",\"@id\":\"https:\\\/\\\/bv07raigering.de\\\/?page_id=6\",\"url\":\"https:\\\/\\\/bv07raigering.de\\\/?page_id=6\",\"name\":\"Burschenverein 07 Raigering &#8211;\",\"isPartOf\":{\"@id\":\"https:\\\/\\\/bv07raigering.de\\\/#website\"},\"primaryImageOfPage\":{\"@id\":\"https:\\\/\\\/bv07raigering.de\\\/?page_id=6#primaryimage\"},\"image\":{\"@id\":\"https:\\\/\\\/bv07raigering.de\\\/?page_id=6#primaryimage\"},\"thumbnailUrl\":\"https:\\\/\\\/bv07raigering.de\\\/wp-content\\\/uploads\\\/Vortragen-des-43m-Baumes-Richtung-Baumloch-zum-Aufstellen-am-Kirwasamstag-1.jpg\",\"datePublished\":\"2014-09-20T08:05:36+00:00\",\"dateModified\":\"2026-01-16T14:31:01+00:00\",\"description\":\"Der BV 07 z\u00e4hlt aktuell insgesamt 128 Mitglieder, die auf zahlreichen Veranstaltungen und Arbeitsdiensten f\u00fcr die Belange des Vereins im Einsatz sind.\",\"breadcrumb\":{\"@id\":\"https:\\\/\\\/bv07raigering.de\\\/?page_id=6#breadcrumb\"},\"inLanguage\":\"de\",\"potentialAction\":[{\"@type\":\"ReadAction\",\"target\":[\"https:\\\/\\\/bv07raigering.de\\\/?page_id=6\"]}]},{\"@type\":\"ImageObject\",\"inLanguage\":\"de\",\"@id\":\"https:\\\/\\\/bv07raigering.de\\\/?page_id=6#primaryimage\",\"url\":\"https:\\\/\\\/bv07raigering.de\\\/wp-content\\\/uploads\\\/Vortragen-des-43m-Baumes-Richtung-Baumloch-zum-Aufstellen-am-Kirwasamstag-1.jpg\",\"contentUrl\":\"https:\\\/\\\/bv07raigering.de\\\/wp-content\\\/uploads\\\/Vortragen-des-43m-Baumes-Richtung-Baumloch-zum-Aufstellen-am-Kirwasamstag-1.jpg\",\"width\":1000,\"height\":233},{\"@type\":\"BreadcrumbList\",\"@id\":\"https:\\\/\\\/bv07raigering.de\\\/?page_id=6#breadcrumb\",\"itemListElement\":[{\"@type\":\"ListItem\",\"position\":1,\"name\":\"Startseite\",\"item\":\"https:\\\/\\\/bv07raigering.de\\\/\"},{\"@type\":\"ListItem\",\"position\":2,\"name\":\"Burschenverein 07 Raigering\"}]},{\"@type\":\"WebSite\",\"@id\":\"https:\\\/\\\/bv07raigering.de\\\/#website\",\"url\":\"https:\\\/\\\/bv07raigering.de\\\/\",\"name\":\"Burschenverein 07 Raigering\",\"description\":\"\",\"publisher\":{\"@id\":\"https:\\\/\\\/bv07raigering.de\\\/#organization\"},\"potentialAction\":[{\"@type\":\"SearchAction\",\"target\":{\"@type\":\"EntryPoint\",\"urlTemplate\":\"https:\\\/\\\/bv07raigering.de\\\/?s={search_term_string}\"},\"query-input\":{\"@type\":\"PropertyValueSpecification\",\"valueRequired\":true,\"valueName\":\"search_term_string\"}}],\"inLanguage\":\"de\"},{\"@type\":\"Organization\",\"@id\":\"https:\\\/\\\/bv07raigering.de\\\/#organization\",\"name\":\"Burschenverein 07 Raigering\",\"url\":\"https:\\\/\\\/bv07raigering.de\\\/\",\"logo\":{\"@type\":\"ImageObject\",\"inLanguage\":\"de\",\"@id\":\"https:\\\/\\\/bv07raigering.de\\\/#\\\/schema\\\/logo\\\/image\\\/\",\"url\":\"https:\\\/\\\/bv07raigering.de\\\/wp-content\\\/uploads\\\/Erinnerungskrug01-Kopie.jpg\",\"contentUrl\":\"https:\\\/\\\/bv07raigering.de\\\/wp-content\\\/uploads\\\/Erinnerungskrug01-Kopie.jpg\",\"width\":626,\"height\":659,\"caption\":\"Burschenverein 07 Raigering\"},\"image\":{\"@id\":\"https:\\\/\\\/bv07raigering.de\\\/#\\\/schema\\\/logo\\\/image\\\/\"},\"sameAs\":[\"https:\\\/\\\/de-de.facebook.com\\\/bv07raigering\\\/\",\"https:\\\/\\\/www.youtube.com\\\/channel\\\/UCviPHFrueelxNaC9zKQaLJQ\"]}]}<\/script>\n<!-- \/ Yoast SEO plugin. -->","yoast_head_json":{"title":"Burschenverein 07 Raigering &#8211;","description":"Der BV 07 z\u00e4hlt aktuell insgesamt 128 Mitglieder, die auf zahlreichen Veranstaltungen und Arbeitsdiensten f\u00fcr die Belange des Vereins im Einsatz sind.","robots":{"index":"index","follow":"follow","max-snippet":"max-snippet:-1","max-image-preview":"max-image-preview:large","max-video-preview":"max-video-preview:-1"},"canonical":"https:\/\/bv07raigering.de\/?page_id=6","og_locale":"de_DE","og_type":"article","og_title":"Burschenverein 07 Raigering &#8211;","og_description":"Der BV 07 z\u00e4hlt aktuell insgesamt 128 Mitglieder, die auf zahlreichen Veranstaltungen und Arbeitsdiensten f\u00fcr die Belange des Vereins im Einsatz sind.","og_url":"https:\/\/bv07raigering.de\/?page_id=6","og_site_name":"Burschenverein 07 Raigering","article_publisher":"https:\/\/de-de.facebook.com\/bv07raigering\/","article_modified_time":"2026-01-16T14:31:01+00:00","og_image":[{"width":1000,"height":233,"url":"https:\/\/bv07raigering.de\/wp-content\/uploads\/Vortragen-des-43m-Baumes-Richtung-Baumloch-zum-Aufstellen-am-Kirwasamstag-1.jpg","type":"image\/jpeg"}],"twitter_card":"summary_large_image","twitter_misc":{"Gesch\u00e4tzte Lesezeit":"2\u00a0Minuten"},"schema":{"@context":"https:\/\/schema.org","@graph":[{"@type":"WebPage","@id":"https:\/\/bv07raigering.de\/?page_id=6","url":"https:\/\/bv07raigering.de\/?page_id=6","name":"Burschenverein 07 Raigering &#8211;","isPartOf":{"@id":"https:\/\/bv07raigering.de\/#website"},"primaryImageOfPage":{"@id":"https:\/\/bv07raigering.de\/?page_id=6#primaryimage"},"image":{"@id":"https:\/\/bv07raigering.de\/?page_id=6#primaryimage"},"thumbnailUrl":"https:\/\/bv07raigering.de\/wp-content\/uploads\/Vortragen-des-43m-Baumes-Richtung-Baumloch-zum-Aufstellen-am-Kirwasamstag-1.jpg","datePublished":"2014-09-20T08:05:36+00:00","dateModified":"2026-01-16T14:31:01+00:00","description":"Der BV 07 z\u00e4hlt aktuell insgesamt 128 Mitglieder, die auf zahlreichen Veranstaltungen und Arbeitsdiensten f\u00fcr die Belange des Vereins im Einsatz sind.","breadcrumb":{"@id":"https:\/\/bv07raigering.de\/?page_id=6#breadcrumb"},"inLanguage":"de","potentialAction":[{"@type":"ReadAction","target":["https:\/\/bv07raigering.de\/?page_id=6"]}]},{"@type":"ImageObject","inLanguage":"de","@id":"https:\/\/bv07raigering.de\/?page_id=6#primaryimage","url":"https:\/\/bv07raigering.de\/wp-content\/uploads\/Vortragen-des-43m-Baumes-Richtung-Baumloch-zum-Aufstellen-am-Kirwasamstag-1.jpg","contentUrl":"https:\/\/bv07raigering.de\/wp-content\/uploads\/Vortragen-des-43m-Baumes-Richtung-Baumloch-zum-Aufstellen-am-Kirwasamstag-1.jpg","width":1000,"height":233},{"@type":"BreadcrumbList","@id":"https:\/\/bv07raigering.de\/?page_id=6#breadcrumb","itemListElement":[{"@type":"ListItem","position":1,"name":"Startseite","item":"https:\/\/bv07raigering.de\/"},{"@type":"ListItem","position":2,"name":"Burschenverein 07 Raigering"}]},{"@type":"WebSite","@id":"https:\/\/bv07raigering.de\/#website","url":"https:\/\/bv07raigering.de\/","name":"Burschenverein 07 Raigering","description":"","publisher":{"@id":"https:\/\/bv07raigering.de\/#organization"},"potentialAction":[{"@type":"SearchAction","target":{"@type":"EntryPoint","urlTemplate":"https:\/\/bv07raigering.de\/?s={search_term_string}"},"query-input":{"@type":"PropertyValueSpecification","valueRequired":true,"valueName":"search_term_string"}}],"inLanguage":"de"},{"@type":"Organization","@id":"https:\/\/bv07raigering.de\/#organization","name":"Burschenverein 07 Raigering","url":"https:\/\/bv07raigering.de\/","logo":{"@type":"ImageObject","inLanguage":"de","@id":"https:\/\/bv07raigering.de\/#\/schema\/logo\/image\/","url":"https:\/\/bv07raigering.de\/wp-content\/uploads\/Erinnerungskrug01-Kopie.jpg","contentUrl":"https:\/\/bv07raigering.de\/wp-content\/uploads\/Erinnerungskrug01-Kopie.jpg","width":626,"height":659,"caption":"Burschenverein 07 Raigering"},"image":{"@id":"https:\/\/bv07raigering.de\/#\/schema\/logo\/image\/"},"sameAs":["https:\/\/de-de.facebook.com\/bv07raigering\/","https:\/\/www.youtube.com\/channel\/UCviPHFrueelxNaC9zKQaLJQ"]}]}},"_links":{"self":[{"href":"https:\/\/bv07raigering.de\/index.php?rest_route=\/wp\/v2\/pages\/6","targetHints":{"allow":["GET"]}}],"collection":[{"href":"https:\/\/bv07raigering.de\/index.php?rest_route=\/wp\/v2\/pages"}],"about":[{"href":"https:\/\/bv07raigering.de\/index.php?rest_route=\/wp\/v2\/types\/page"}],"author":[{"embeddable":true,"href":"https:\/\/bv07raigering.de\/index.php?rest_route=\/wp\/v2\/users\/3"}],"replies":[{"embeddable":true,"href":"https:\/\/bv07raigering.de\/index.php?rest_route=%2Fwp%2Fv2%2Fcomments&post=6"}],"version-history":[{"count":37,"href":"https:\/\/bv07raigering.de\/index.php?rest_route=\/wp\/v2\/pages\/6\/revisions"}],"predecessor-version":[{"id":1546,"href":"https:\/\/bv07raigering.de\/index.php?rest_route=\/wp\/v2\/pages\/6\/revisions\/1546"}],"wp:featuredmedia":[{"embeddable":true,"href":"https:\/\/bv07raigering.de\/index.php?rest_route=\/wp\/v2\/media\/618"}],"wp:attachment":[{"href":"https:\/\/bv07raigering.de\/index.php?rest_route=%2Fwp%2Fv2%2Fmedia&parent=6"}],"curies":[{"name":"wp","href":"https:\/\/api.w.org\/{rel}","templated":true}]}}