{"id":811,"date":"2020-01-15T11:11:09","date_gmt":"2020-01-15T10:11:09","guid":{"rendered":"http:\/\/bv07raigering.de\/?page_id=811"},"modified":"2026-01-09T14:11:17","modified_gmt":"2026-01-09T13:11:17","slug":"vorstandschaft","status":"publish","type":"page","link":"https:\/\/bv07raigering.de\/?page_id=811","title":{"rendered":"Vorstandschaft"},"content":{"rendered":"\n<figure class=\"wp-block-image size-large\"><img loading=\"lazy\" decoding=\"async\" width=\"907\" height=\"1024\" src=\"https:\/\/bv07raigering.de\/wp-content\/uploads\/IMG_1107_Zugeschnitten-1-907x1024.jpeg\" alt=\"\" class=\"wp-image-1528\" srcset=\"https:\/\/bv07raigering.de\/wp-content\/uploads\/IMG_1107_Zugeschnitten-1-907x1024.jpeg 907w, https:\/\/bv07raigering.de\/wp-content\/uploads\/IMG_1107_Zugeschnitten-1-266x300.jpeg 266w, https:\/\/bv07raigering.de\/wp-content\/uploads\/IMG_1107_Zugeschnitten-1-1361x1536.jpeg 1361w, https:\/\/bv07raigering.de\/wp-content\/uploads\/IMG_1107_Zugeschnitten-1-1815x2048.jpeg 1815w\" sizes=\"auto, (max-width: 907px) 100vw, 907px\" \/><figcaption class=\"wp-element-caption\">vorne links: Felix Erlbacher, Bastian Gr\u00fcnwald, Lean Ri\u00df<\/figcaption><\/figure>\n\n\n\n<p>hinten links: Matthias Scharl, Luis Fr\u00fchwirth, Elias Scherr, Marcel Opeldus<\/p>\n\n\n\n<hr class=\"wp-block-separator has-css-opacity is-style-wide\"\/>\n\n\n\n<h3 class=\"wp-block-heading has-text-align-center\" id=\"alle-amter-im-uberblick\"><strong>Alle \u00c4mter im \u00dcberblick<\/strong><\/h3>\n\n\n\n<div class=\"wp-block-group is-layout-flow wp-block-group-is-layout-flow\">\n<table id=\"AutoNumber4\" style=\"height: 509px;\" border=\"0\" width=\"233\" cellspacing=\"0\" cellpadding=\"0\">\n<tbody>\n<tr>\n<td width=\"37%\">1. Vorstand:<\/td>\n<td width=\"63%\">Bastian Gr\u00fcnwald<\/td>\n<\/tr>\n<tr>\n<td>2. Vorstand:<\/td>\n<td width=\"63%\">Lean Ri\u00df<\/td>\n<\/tr>\n<tr>\n<td width=\"37%\">Kassier:<\/td>\n<td width=\"63%\">Felix Erlbacher<\/td>\n<\/tr>\n<tr>\n<td width=\"37%\">Schriftf\u00fchrer:<\/td>\n<td width=\"63%\">Luis Fr\u00fchwirth<\/td>\n<\/tr>\n<tr>\n<td width=\"37%\">Ausschuss:<\/td>\n<td width=\"63%\">Elias Scherr<br \/>Marcel Opeldus<br \/>Matthias Scharl<\/td>\n<\/tr>\n<tr>\n<td width=\"37%\">Unterkassier:<\/td>\n<td width=\"63%\">Oliver Zweck<\/td>\n<\/tr>\n<tr>\n<td width=\"37%\">F\u00e4hnrich:<\/td>\n<td width=\"63%\">Tizian H\u00f6sl<\/td>\n<\/tr>\n<tr>\n<td width=\"37%\">Fahnenbegleitung:<\/td>\n<td width=\"63%\">Moritz Erlbacher<br \/>Benedikt Scharl<\/td>\n<\/tr>\n<tr>\n<td width=\"37%\">Inventarsverwalter:<\/td>\n<td width=\"63%\">Oliver Zweck<br \/>Sebastian Friedrich<br \/>Julian Scharl<\/td>\n<\/tr>\n<tr>\n<td width=\"37%\">Kassenrevisoren:<\/td>\n<td width=\"63%\">Jonas Pongratz<br \/>Sebastian Biehler<\/td>\n<\/tr>\n<\/tbody>\n<\/table>\n<\/div>\n\n\n\n<p><\/p>\n","protected":false},"excerpt":{"rendered":"<p>hinten links: Matthias Scharl, Luis Fr\u00fchwirth, Elias Scherr, Marcel Opeldus Alle \u00c4mter im \u00dcberblick 1. Vorstand: Bastian Gr\u00fcnwald 2. Vorstand: Lean Ri\u00df Kassier: Felix Erlbacher Schriftf\u00fchrer: Luis Fr\u00fchwirth Ausschuss: Elias ScherrMarcel OpeldusMatthias Scharl Unterkassier: Oliver Zweck F\u00e4hnrich: Tizian H\u00f6sl Fahnenbegleitung: Moritz ErlbacherBenedikt Scharl Inventarsverwalter: Oliver ZweckSebastian FriedrichJulian Scharl Kassenrevisoren: Jonas PongratzSebastian Biehler<\/p>\n","protected":false},"author":3,"featured_media":0,"parent":6,"menu_order":1,"comment_status":"closed","ping_status":"closed","template":"","meta":{"site-sidebar-layout":"default","site-content-layout":"default","ast-site-content-layout":"default","site-content-style":"default","site-sidebar-style":"default","ast-global-header-display":"","ast-banner-title-visibility":"","ast-main-header-display":"","ast-hfb-above-header-display":"","ast-hfb-below-header-display":"","ast-hfb-mobile-header-display":"","site-post-title":"","ast-breadcrumbs-content":"","ast-featured-img":"","footer-sml-layout":"","ast-disable-related-posts":"","theme-transparent-header-meta":"default","adv-header-id-meta":"","stick-header-meta":"","header-above-stick-meta":"","header-main-stick-meta":"","header-below-stick-meta":"","astra-migrate-meta-layouts":"set","ast-page-background-enabled":"default","ast-page-background-meta":{"desktop":{"background-color":"","background-image":"","background-repeat":"repeat","background-position":"center center","background-size":"auto","background-attachment":"scroll","background-type":"","background-media":"","overlay-type":"","overlay-color":"","overlay-opacity":"","overlay-gradient":""},"tablet":{"background-color":"","background-image":"","background-repeat":"repeat","background-position":"center center","background-size":"auto","background-attachment":"scroll","background-type":"","background-media":"","overlay-type":"","overlay-color":"","overlay-opacity":"","overlay-gradient":""},"mobile":{"background-color":"","background-image":"","background-repeat":"repeat","background-position":"center center","background-size":"auto","background-attachment":"scroll","background-type":"","background-media":"","overlay-type":"","overlay-color":"","overlay-opacity":"","overlay-gradient":""}},"ast-content-background-meta":{"desktop":{"background-color":"var(--ast-global-color-5)","background-image":"","background-repeat":"repeat","background-position":"center center","background-size":"auto","background-attachment":"scroll","background-type":"","background-media":"","overlay-type":"","overlay-color":"","overlay-opacity":"","overlay-gradient":""},"tablet":{"background-color":"var(--ast-global-color-5)","background-image":"","background-repeat":"repeat","background-position":"center center","background-size":"auto","background-attachment":"scroll","background-type":"","background-media":"","overlay-type":"","overlay-color":"","overlay-opacity":"","overlay-gradient":""},"mobile":{"background-color":"var(--ast-global-color-5)","background-image":"","background-repeat":"repeat","background-position":"center center","background-size":"auto","background-attachment":"scroll","background-type":"","background-media":"","overlay-type":"","overlay-color":"","overlay-opacity":"","overlay-gradient":""}},"footnotes":""},"class_list":["post-811","page","type-page","status-publish","hentry"],"yoast_head":"<!-- This site is optimized with the Yoast SEO plugin v27.4 - https:\/\/yoast.com\/product\/yoast-seo-wordpress\/ -->\n<title>Vorstandschaft &#8211; Burschenverein 07 Raigering<\/title>\n<meta name=\"description\" content=\"Diese Burschen bilden die Vorstandschaft des Burschenvereins im Jahr 2023: Marco Franz, Lukas Franz, Oliver Zweck, Simon Albrecht, Bastian Scharl, Marcel Opeldus &amp; Felix Erlbacher.\" \/>\n<meta name=\"robots\" content=\"index, follow, max-snippet:-1, max-image-preview:large, max-video-preview:-1\" \/>\n<link rel=\"canonical\" href=\"https:\/\/bv07raigering.de\/?page_id=811\" \/>\n<meta property=\"og:locale\" content=\"de_DE\" \/>\n<meta property=\"og:type\" content=\"article\" \/>\n<meta property=\"og:title\" content=\"Vorstandschaft &#8211; Burschenverein 07 Raigering\" \/>\n<meta property=\"og:description\" content=\"Diese Burschen bilden die Vorstandschaft des Burschenvereins im Jahr 2023: Marco Franz, Lukas Franz, Oliver Zweck, Simon Albrecht, Bastian Scharl, Marcel Opeldus &amp; Felix Erlbacher.\" \/>\n<meta property=\"og:url\" content=\"https:\/\/bv07raigering.de\/?page_id=811\" \/>\n<meta property=\"og:site_name\" content=\"Burschenverein 07 Raigering\" \/>\n<meta property=\"article:publisher\" content=\"https:\/\/de-de.facebook.com\/bv07raigering\/\" \/>\n<meta property=\"article:modified_time\" content=\"2026-01-09T13:11:17+00:00\" \/>\n<meta property=\"og:image\" content=\"https:\/\/bv07raigering.de\/wp-content\/uploads\/IMG_1107_Zugeschnitten-1-scaled.jpeg\" \/>\n\t<meta property=\"og:image:width\" content=\"2268\" \/>\n\t<meta property=\"og:image:height\" content=\"2560\" \/>\n\t<meta property=\"og:image:type\" content=\"image\/jpeg\" \/>\n<meta name=\"twitter:card\" content=\"summary_large_image\" \/>\n<meta name=\"twitter:label1\" content=\"Gesch\u00e4tzte Lesezeit\" \/>\n\t<meta name=\"twitter:data1\" content=\"1\u00a0Minute\" \/>\n<script type=\"application\/ld+json\" class=\"yoast-schema-graph\">{\"@context\":\"https:\\\/\\\/schema.org\",\"@graph\":[{\"@type\":\"WebPage\",\"@id\":\"https:\\\/\\\/bv07raigering.de\\\/?page_id=811\",\"url\":\"https:\\\/\\\/bv07raigering.de\\\/?page_id=811\",\"name\":\"Vorstandschaft &#8211; Burschenverein 07 Raigering\",\"isPartOf\":{\"@id\":\"https:\\\/\\\/bv07raigering.de\\\/#website\"},\"primaryImageOfPage\":{\"@id\":\"https:\\\/\\\/bv07raigering.de\\\/?page_id=811#primaryimage\"},\"image\":{\"@id\":\"https:\\\/\\\/bv07raigering.de\\\/?page_id=811#primaryimage\"},\"thumbnailUrl\":\"https:\\\/\\\/bv07raigering.de\\\/wp-content\\\/uploads\\\/IMG_1107_Zugeschnitten-1-907x1024.jpeg\",\"datePublished\":\"2020-01-15T10:11:09+00:00\",\"dateModified\":\"2026-01-09T13:11:17+00:00\",\"description\":\"Diese Burschen bilden die Vorstandschaft des Burschenvereins im Jahr 2023: Marco Franz, Lukas Franz, Oliver Zweck, Simon Albrecht, Bastian Scharl, Marcel Opeldus & Felix Erlbacher.\",\"breadcrumb\":{\"@id\":\"https:\\\/\\\/bv07raigering.de\\\/?page_id=811#breadcrumb\"},\"inLanguage\":\"de\",\"potentialAction\":[{\"@type\":\"ReadAction\",\"target\":[\"https:\\\/\\\/bv07raigering.de\\\/?page_id=811\"]}]},{\"@type\":\"ImageObject\",\"inLanguage\":\"de\",\"@id\":\"https:\\\/\\\/bv07raigering.de\\\/?page_id=811#primaryimage\",\"url\":\"https:\\\/\\\/bv07raigering.de\\\/wp-content\\\/uploads\\\/IMG_1107_Zugeschnitten-1-scaled.jpeg\",\"contentUrl\":\"https:\\\/\\\/bv07raigering.de\\\/wp-content\\\/uploads\\\/IMG_1107_Zugeschnitten-1-scaled.jpeg\",\"width\":2268,\"height\":2560},{\"@type\":\"BreadcrumbList\",\"@id\":\"https:\\\/\\\/bv07raigering.de\\\/?page_id=811#breadcrumb\",\"itemListElement\":[{\"@type\":\"ListItem\",\"position\":1,\"name\":\"Startseite\",\"item\":\"https:\\\/\\\/bv07raigering.de\\\/\"},{\"@type\":\"ListItem\",\"position\":2,\"name\":\"Burschenverein 07 Raigering\",\"item\":\"https:\\\/\\\/bv07raigering.de\\\/?page_id=6\"},{\"@type\":\"ListItem\",\"position\":3,\"name\":\"Vorstandschaft\"}]},{\"@type\":\"WebSite\",\"@id\":\"https:\\\/\\\/bv07raigering.de\\\/#website\",\"url\":\"https:\\\/\\\/bv07raigering.de\\\/\",\"name\":\"Burschenverein 07 Raigering\",\"description\":\"\",\"publisher\":{\"@id\":\"https:\\\/\\\/bv07raigering.de\\\/#organization\"},\"potentialAction\":[{\"@type\":\"SearchAction\",\"target\":{\"@type\":\"EntryPoint\",\"urlTemplate\":\"https:\\\/\\\/bv07raigering.de\\\/?s={search_term_string}\"},\"query-input\":{\"@type\":\"PropertyValueSpecification\",\"valueRequired\":true,\"valueName\":\"search_term_string\"}}],\"inLanguage\":\"de\"},{\"@type\":\"Organization\",\"@id\":\"https:\\\/\\\/bv07raigering.de\\\/#organization\",\"name\":\"Burschenverein 07 Raigering\",\"url\":\"https:\\\/\\\/bv07raigering.de\\\/\",\"logo\":{\"@type\":\"ImageObject\",\"inLanguage\":\"de\",\"@id\":\"https:\\\/\\\/bv07raigering.de\\\/#\\\/schema\\\/logo\\\/image\\\/\",\"url\":\"https:\\\/\\\/bv07raigering.de\\\/wp-content\\\/uploads\\\/Erinnerungskrug01-Kopie.jpg\",\"contentUrl\":\"https:\\\/\\\/bv07raigering.de\\\/wp-content\\\/uploads\\\/Erinnerungskrug01-Kopie.jpg\",\"width\":626,\"height\":659,\"caption\":\"Burschenverein 07 Raigering\"},\"image\":{\"@id\":\"https:\\\/\\\/bv07raigering.de\\\/#\\\/schema\\\/logo\\\/image\\\/\"},\"sameAs\":[\"https:\\\/\\\/de-de.facebook.com\\\/bv07raigering\\\/\",\"https:\\\/\\\/www.youtube.com\\\/channel\\\/UCviPHFrueelxNaC9zKQaLJQ\"]}]}<\/script>\n<!-- \/ Yoast SEO plugin. -->","yoast_head_json":{"title":"Vorstandschaft &#8211; Burschenverein 07 Raigering","description":"Diese Burschen bilden die Vorstandschaft des Burschenvereins im Jahr 2023: Marco Franz, Lukas Franz, Oliver Zweck, Simon Albrecht, Bastian Scharl, Marcel Opeldus & Felix Erlbacher.","robots":{"index":"index","follow":"follow","max-snippet":"max-snippet:-1","max-image-preview":"max-image-preview:large","max-video-preview":"max-video-preview:-1"},"canonical":"https:\/\/bv07raigering.de\/?page_id=811","og_locale":"de_DE","og_type":"article","og_title":"Vorstandschaft &#8211; Burschenverein 07 Raigering","og_description":"Diese Burschen bilden die Vorstandschaft des Burschenvereins im Jahr 2023: Marco Franz, Lukas Franz, Oliver Zweck, Simon Albrecht, Bastian Scharl, Marcel Opeldus & Felix Erlbacher.","og_url":"https:\/\/bv07raigering.de\/?page_id=811","og_site_name":"Burschenverein 07 Raigering","article_publisher":"https:\/\/de-de.facebook.com\/bv07raigering\/","article_modified_time":"2026-01-09T13:11:17+00:00","og_image":[{"width":2268,"height":2560,"url":"https:\/\/bv07raigering.de\/wp-content\/uploads\/IMG_1107_Zugeschnitten-1-scaled.jpeg","type":"image\/jpeg"}],"twitter_card":"summary_large_image","twitter_misc":{"Gesch\u00e4tzte Lesezeit":"1\u00a0Minute"},"schema":{"@context":"https:\/\/schema.org","@graph":[{"@type":"WebPage","@id":"https:\/\/bv07raigering.de\/?page_id=811","url":"https:\/\/bv07raigering.de\/?page_id=811","name":"Vorstandschaft &#8211; Burschenverein 07 Raigering","isPartOf":{"@id":"https:\/\/bv07raigering.de\/#website"},"primaryImageOfPage":{"@id":"https:\/\/bv07raigering.de\/?page_id=811#primaryimage"},"image":{"@id":"https:\/\/bv07raigering.de\/?page_id=811#primaryimage"},"thumbnailUrl":"https:\/\/bv07raigering.de\/wp-content\/uploads\/IMG_1107_Zugeschnitten-1-907x1024.jpeg","datePublished":"2020-01-15T10:11:09+00:00","dateModified":"2026-01-09T13:11:17+00:00","description":"Diese Burschen bilden die Vorstandschaft des Burschenvereins im Jahr 2023: Marco Franz, Lukas Franz, Oliver Zweck, Simon Albrecht, Bastian Scharl, Marcel Opeldus & Felix Erlbacher.","breadcrumb":{"@id":"https:\/\/bv07raigering.de\/?page_id=811#breadcrumb"},"inLanguage":"de","potentialAction":[{"@type":"ReadAction","target":["https:\/\/bv07raigering.de\/?page_id=811"]}]},{"@type":"ImageObject","inLanguage":"de","@id":"https:\/\/bv07raigering.de\/?page_id=811#primaryimage","url":"https:\/\/bv07raigering.de\/wp-content\/uploads\/IMG_1107_Zugeschnitten-1-scaled.jpeg","contentUrl":"https:\/\/bv07raigering.de\/wp-content\/uploads\/IMG_1107_Zugeschnitten-1-scaled.jpeg","width":2268,"height":2560},{"@type":"BreadcrumbList","@id":"https:\/\/bv07raigering.de\/?page_id=811#breadcrumb","itemListElement":[{"@type":"ListItem","position":1,"name":"Startseite","item":"https:\/\/bv07raigering.de\/"},{"@type":"ListItem","position":2,"name":"Burschenverein 07 Raigering","item":"https:\/\/bv07raigering.de\/?page_id=6"},{"@type":"ListItem","position":3,"name":"Vorstandschaft"}]},{"@type":"WebSite","@id":"https:\/\/bv07raigering.de\/#website","url":"https:\/\/bv07raigering.de\/","name":"Burschenverein 07 Raigering","description":"","publisher":{"@id":"https:\/\/bv07raigering.de\/#organization"},"potentialAction":[{"@type":"SearchAction","target":{"@type":"EntryPoint","urlTemplate":"https:\/\/bv07raigering.de\/?s={search_term_string}"},"query-input":{"@type":"PropertyValueSpecification","valueRequired":true,"valueName":"search_term_string"}}],"inLanguage":"de"},{"@type":"Organization","@id":"https:\/\/bv07raigering.de\/#organization","name":"Burschenverein 07 Raigering","url":"https:\/\/bv07raigering.de\/","logo":{"@type":"ImageObject","inLanguage":"de","@id":"https:\/\/bv07raigering.de\/#\/schema\/logo\/image\/","url":"https:\/\/bv07raigering.de\/wp-content\/uploads\/Erinnerungskrug01-Kopie.jpg","contentUrl":"https:\/\/bv07raigering.de\/wp-content\/uploads\/Erinnerungskrug01-Kopie.jpg","width":626,"height":659,"caption":"Burschenverein 07 Raigering"},"image":{"@id":"https:\/\/bv07raigering.de\/#\/schema\/logo\/image\/"},"sameAs":["https:\/\/de-de.facebook.com\/bv07raigering\/","https:\/\/www.youtube.com\/channel\/UCviPHFrueelxNaC9zKQaLJQ"]}]}},"_links":{"self":[{"href":"https:\/\/bv07raigering.de\/index.php?rest_route=\/wp\/v2\/pages\/811","targetHints":{"allow":["GET"]}}],"collection":[{"href":"https:\/\/bv07raigering.de\/index.php?rest_route=\/wp\/v2\/pages"}],"about":[{"href":"https:\/\/bv07raigering.de\/index.php?rest_route=\/wp\/v2\/types\/page"}],"author":[{"embeddable":true,"href":"https:\/\/bv07raigering.de\/index.php?rest_route=\/wp\/v2\/users\/3"}],"replies":[{"embeddable":true,"href":"https:\/\/bv07raigering.de\/index.php?rest_route=%2Fwp%2Fv2%2Fcomments&post=811"}],"version-history":[{"count":16,"href":"https:\/\/bv07raigering.de\/index.php?rest_route=\/wp\/v2\/pages\/811\/revisions"}],"predecessor-version":[{"id":1539,"href":"https:\/\/bv07raigering.de\/index.php?rest_route=\/wp\/v2\/pages\/811\/revisions\/1539"}],"up":[{"embeddable":true,"href":"https:\/\/bv07raigering.de\/index.php?rest_route=\/wp\/v2\/pages\/6"}],"wp:attachment":[{"href":"https:\/\/bv07raigering.de\/index.php?rest_route=%2Fwp%2Fv2%2Fmedia&parent=811"}],"curies":[{"name":"wp","href":"https:\/\/api.w.org\/{rel}","templated":true}]}}