{"id":9,"date":"2014-09-20T10:10:56","date_gmt":"2014-09-20T08:10:56","guid":{"rendered":"http:\/\/bv07raigering.de\/?page_id=9"},"modified":"2020-01-15T14:28:48","modified_gmt":"2020-01-15T13:28:48","slug":"des-burschnjahr","status":"publish","type":"page","link":"https:\/\/bv07raigering.de\/?page_id=9","title":{"rendered":"Burschenjahr"},"content":{"rendered":"<p><u>Mitgliederversammlung:<\/u><\/p>\n<p>Regelm\u00e4\u00dfig treffen sich die aktiven Burschen zur Mitgliederversammlung. Bei dieser blickt der Vorstand auf die letzten Wochen zur\u00fcck und gibt die n\u00e4chsten Termine bekannt. Au\u00dferdem werden aktuelle Probleme besprochen und \u00fcber Einladungen zu Fahnenweihen diskutiert. Anschlie\u00dfend lassen die Burschen die Versammlung mit Musik, Gesang und \u201eSchnodahipfln\u201c ausklingen.<\/p>\n<hr>\n<p><u>Generalversammlung:<\/u><\/p>\n<p>Traditionell am Heilig-Drei-K\u00f6nigs-Tag treffen sich die Burschenmitglieder um allj\u00e4hrlich eine neue Vorstandschaft zu w\u00e4hlen und die Weichen f\u00fcr ein weiteres, erfolgreiches Jahr zu stellen.<\/p>\n<hr>\n<p><u>Burschenball:<\/u><\/p>\n<p>Mittlerweile wird j\u00e4hrlich ein Burschenball abgehalten. Die letzten Male fand er im Pfarrsaal in Raigering statt. Neben Einlagen der Burschen selbst treten regional und \u00fcberregional bekannte Bands auf, um f\u00fcr eine passende Stimmung zu sorgen. So durften die G\u00e4ste schon zu Gr\u00f6\u00dfen im Show-Business wie Johnny Gold oder Volker und die Folgsamen tanzen und feiern.<\/p>\n<hr>\n<p><u>Faschingssonntag:<\/u><\/p>\n<p>Fr\u00fcher trat die \u201eHofmark\u201c gegen das \u201eDorf\u201c zu einem Gaudispiel an. Mittlerweile kicken die Raigeringer gegen den Aschacher Burschenverein, um im Anschluss gemeinsam den Abend im Aschacher Kirwastodl bei einer w\u00fcrdigen After-Match-Party zu verbringen.<\/p>\n<hr>\n<p><u>Bockbierfest:<\/u><\/p>\n<p>Im M\u00e4rz\/April genehmigen sich die Burschen den s\u00fcffigen Sterk-Doppelbock und laden dazu auch befreundete Vereine sowie die \u00fcbrige Bev\u00f6lkerung ein. Gefeiert wird mit traditionell-bayerischer Musik und einer umfangreichen Tombola.<\/p>\n<hr>\n<p><u>Wanderung in den Mai:<\/u><\/p>\n<p>Das Wandern ist auch des Burschen\u00b4s Lust und zwar immer am Tag vor dem 1. Mai. Erkundet wird die n\u00e4here Umgebung. Die Ziele dabei k\u00f6nnten unterschiedlicher kaum sein. So bet\u00e4tigten sich die Burschen schon sportlich beim Kegeln oder verbrachten geselligen Abende im Wirtshaus mit Musik.<\/p>\n<hr>\n<p><u>Urlaubsfahrt:<\/u><\/p>\n<p>Im Sommer geht\u00b4s auf gro\u00dfe Fahrt. Ob Ungarn, Italien, Monaco oder Niederbayern \u2013 kein Land ist vor dem BV07 sicher. Falls der Terminplan im Sommer zu eng gesteckt ist, fahren die Burschen eben im Winter weg und verbringen ein gem\u00fctliches Wochenende auf einer abgelegenen H\u00fctte im bayrischen Wald.<\/p>\n<hr>\n<p><u>Fahnenweihe:<\/u><\/p>\n<p>Wenn andere Burschenvereine feiern, darf der BV07 nicht fehlen. Mehrmals im Jahr besuchen die Raigeringer daher Burschenvereine in ganz Bayern und erweisen befreundeten Vereine somit ihre verdiente Ehre.<\/p>\n<hr>\n<p><u>Kirwa:<\/u><\/p>\n<p>Der ganze Stolz des BV07 ist die \u201eRaigeringer Kirwa\u201c. Sie ist die gr\u00f6\u00dfte Traditionskirchweih der Oberpfalz und wird am letzten Juli-Sonntag gefeiert und f\u00fcr viele Burschen das absolute Highlight des Jahres.<\/p>\n<hr>\n<p><u>Waldfest:<\/u><\/p>\n<p>Das \u201eKellerh\u00f6lzl\u201c bietet ein einmaliges Ambiente f\u00fcr das Waldfest. Seit den 60er Jahren lockt die Bar im \u201eFuchsbau\u201c, z\u00fcnftige Musik, Grillspezialit\u00e4ten und Raigeringer Bier vor allem die Raigeringer in den Wald.<\/p>\n<hr>\n<p><u>Terminabsprache:<\/u><\/p>\n<p>\u00dcber 80 Veranstaltungen gibt es in der Pfarrgemeinde Aschach -Raigering. Diese zu koordinieren hat sich der BV07 angenommen und l\u00e4dt am Bu\u00df- und Bettag die \u00f6rtlichen Vereine zur Terminabsprache ein.<\/p>\n<hr>\n<p><u>Weihnachtsfeier:<\/u><\/p>\n<p>Die angeh\u00e4uften Schandtaten der Burschen im vergangenen Jahr bleiben einem nicht verborgen: dem Heiligen aus Nikolonium. Auf der Nikolausfeier im Dezember lassen die Burschen nicht nur das Jahr mit einer Winterwanderung ausklingen, sondern m\u00fcssen beim anschlie\u00dfenden Beisammensein im Vereinslokal auch Pr\u00fcgel f\u00fcr ihre Untaten einstecken.<\/p>\n","protected":false},"excerpt":{"rendered":"<p>Mitgliederversammlung: Regelm\u00e4\u00dfig treffen sich die aktiven Burschen zur Mitgliederversammlung. Bei dieser blickt der Vorstand auf die letzten Wochen zur\u00fcck und gibt die n\u00e4chsten Termine bekannt. Au\u00dferdem werden aktuelle Probleme besprochen und \u00fcber Einladungen zu Fahnenweihen diskutiert. Anschlie\u00dfend lassen die Burschen die Versammlung mit Musik, Gesang und \u201eSchnodahipfln\u201c ausklingen. Generalversammlung: Traditionell am Heilig-Drei-K\u00f6nigs-Tag treffen sich die [&hellip;]<\/p>\n","protected":false},"author":3,"featured_media":620,"parent":0,"menu_order":2,"comment_status":"open","ping_status":"closed","template":"","meta":{"site-sidebar-layout":"default","site-content-layout":"default","ast-site-content-layout":"default","site-content-style":"default","site-sidebar-style":"default","ast-global-header-display":"","ast-banner-title-visibility":"","ast-main-header-display":"","ast-hfb-above-header-display":"","ast-hfb-below-header-display":"","ast-hfb-mobile-header-display":"","site-post-title":"","ast-breadcrumbs-content":"","ast-featured-img":"","footer-sml-layout":"","ast-disable-related-posts":"","theme-transparent-header-meta":"default","adv-header-id-meta":"","stick-header-meta":"","header-above-stick-meta":"","header-main-stick-meta":"","header-below-stick-meta":"","astra-migrate-meta-layouts":"default","ast-page-background-enabled":"default","ast-page-background-meta":{"desktop":{"background-color":"","background-image":"","background-repeat":"repeat","background-position":"center center","background-size":"auto","background-attachment":"scroll","background-type":"","background-media":"","overlay-type":"","overlay-color":"","overlay-opacity":"","overlay-gradient":""},"tablet":{"background-color":"","background-image":"","background-repeat":"repeat","background-position":"center center","background-size":"auto","background-attachment":"scroll","background-type":"","background-media":"","overlay-type":"","overlay-color":"","overlay-opacity":"","overlay-gradient":""},"mobile":{"background-color":"","background-image":"","background-repeat":"repeat","background-position":"center center","background-size":"auto","background-attachment":"scroll","background-type":"","background-media":"","overlay-type":"","overlay-color":"","overlay-opacity":"","overlay-gradient":""}},"ast-content-background-meta":{"desktop":{"background-color":"var(--ast-global-color-5)","background-image":"","background-repeat":"repeat","background-position":"center center","background-size":"auto","background-attachment":"scroll","background-type":"","background-media":"","overlay-type":"","overlay-color":"","overlay-opacity":"","overlay-gradient":""},"tablet":{"background-color":"var(--ast-global-color-5)","background-image":"","background-repeat":"repeat","background-position":"center center","background-size":"auto","background-attachment":"scroll","background-type":"","background-media":"","overlay-type":"","overlay-color":"","overlay-opacity":"","overlay-gradient":""},"mobile":{"background-color":"var(--ast-global-color-5)","background-image":"","background-repeat":"repeat","background-position":"center center","background-size":"auto","background-attachment":"scroll","background-type":"","background-media":"","overlay-type":"","overlay-color":"","overlay-opacity":"","overlay-gradient":""}},"footnotes":""},"class_list":["post-9","page","type-page","status-publish","has-post-thumbnail","hentry"],"yoast_head":"<!-- This site is optimized with the Yoast SEO plugin v27.4 - https:\/\/yoast.com\/product\/yoast-seo-wordpress\/ -->\n<title>Burschenjahr &#8211; Burschenverein 07 Raigering<\/title>\n<meta name=\"robots\" content=\"index, follow, max-snippet:-1, max-image-preview:large, max-video-preview:-1\" \/>\n<link rel=\"canonical\" href=\"https:\/\/bv07raigering.de\/?page_id=9\" \/>\n<meta property=\"og:locale\" content=\"de_DE\" \/>\n<meta property=\"og:type\" content=\"article\" \/>\n<meta property=\"og:title\" content=\"Burschenjahr &#8211; Burschenverein 07 Raigering\" \/>\n<meta property=\"og:description\" content=\"Mitgliederversammlung: Regelm\u00e4\u00dfig treffen sich die aktiven Burschen zur Mitgliederversammlung. Bei dieser blickt der Vorstand auf die letzten Wochen zur\u00fcck und gibt die n\u00e4chsten Termine bekannt. Au\u00dferdem werden aktuelle Probleme besprochen und \u00fcber Einladungen zu Fahnenweihen diskutiert. Anschlie\u00dfend lassen die Burschen die Versammlung mit Musik, Gesang und \u201eSchnodahipfln\u201c ausklingen. Generalversammlung: Traditionell am Heilig-Drei-K\u00f6nigs-Tag treffen sich die [&hellip;]\" \/>\n<meta property=\"og:url\" content=\"https:\/\/bv07raigering.de\/?page_id=9\" \/>\n<meta property=\"og:site_name\" content=\"Burschenverein 07 Raigering\" \/>\n<meta property=\"article:publisher\" content=\"https:\/\/de-de.facebook.com\/bv07raigering\/\" \/>\n<meta property=\"article:modified_time\" content=\"2020-01-15T13:28:48+00:00\" \/>\n<meta property=\"og:image\" content=\"https:\/\/bv07raigering.de\/wp-content\/uploads\/typische-Ringelung-des-Baumes.jpg\" \/>\n\t<meta property=\"og:image:width\" content=\"1000\" \/>\n\t<meta property=\"og:image:height\" content=\"218\" \/>\n\t<meta property=\"og:image:type\" content=\"image\/jpeg\" \/>\n<meta name=\"twitter:card\" content=\"summary_large_image\" \/>\n<meta name=\"twitter:label1\" content=\"Gesch\u00e4tzte Lesezeit\" \/>\n\t<meta name=\"twitter:data1\" content=\"2\u00a0Minuten\" \/>\n<script type=\"application\/ld+json\" class=\"yoast-schema-graph\">{\"@context\":\"https:\\\/\\\/schema.org\",\"@graph\":[{\"@type\":\"WebPage\",\"@id\":\"https:\\\/\\\/bv07raigering.de\\\/?page_id=9\",\"url\":\"https:\\\/\\\/bv07raigering.de\\\/?page_id=9\",\"name\":\"Burschenjahr &#8211; Burschenverein 07 Raigering\",\"isPartOf\":{\"@id\":\"https:\\\/\\\/bv07raigering.de\\\/#website\"},\"primaryImageOfPage\":{\"@id\":\"https:\\\/\\\/bv07raigering.de\\\/?page_id=9#primaryimage\"},\"image\":{\"@id\":\"https:\\\/\\\/bv07raigering.de\\\/?page_id=9#primaryimage\"},\"thumbnailUrl\":\"https:\\\/\\\/bv07raigering.de\\\/wp-content\\\/uploads\\\/typische-Ringelung-des-Baumes.jpg\",\"datePublished\":\"2014-09-20T08:10:56+00:00\",\"dateModified\":\"2020-01-15T13:28:48+00:00\",\"breadcrumb\":{\"@id\":\"https:\\\/\\\/bv07raigering.de\\\/?page_id=9#breadcrumb\"},\"inLanguage\":\"de\",\"potentialAction\":[{\"@type\":\"ReadAction\",\"target\":[\"https:\\\/\\\/bv07raigering.de\\\/?page_id=9\"]}]},{\"@type\":\"ImageObject\",\"inLanguage\":\"de\",\"@id\":\"https:\\\/\\\/bv07raigering.de\\\/?page_id=9#primaryimage\",\"url\":\"https:\\\/\\\/bv07raigering.de\\\/wp-content\\\/uploads\\\/typische-Ringelung-des-Baumes.jpg\",\"contentUrl\":\"https:\\\/\\\/bv07raigering.de\\\/wp-content\\\/uploads\\\/typische-Ringelung-des-Baumes.jpg\",\"width\":1000,\"height\":218},{\"@type\":\"BreadcrumbList\",\"@id\":\"https:\\\/\\\/bv07raigering.de\\\/?page_id=9#breadcrumb\",\"itemListElement\":[{\"@type\":\"ListItem\",\"position\":1,\"name\":\"Startseite\",\"item\":\"https:\\\/\\\/bv07raigering.de\\\/\"},{\"@type\":\"ListItem\",\"position\":2,\"name\":\"Burschenjahr\"}]},{\"@type\":\"WebSite\",\"@id\":\"https:\\\/\\\/bv07raigering.de\\\/#website\",\"url\":\"https:\\\/\\\/bv07raigering.de\\\/\",\"name\":\"Burschenverein 07 Raigering\",\"description\":\"\",\"publisher\":{\"@id\":\"https:\\\/\\\/bv07raigering.de\\\/#organization\"},\"potentialAction\":[{\"@type\":\"SearchAction\",\"target\":{\"@type\":\"EntryPoint\",\"urlTemplate\":\"https:\\\/\\\/bv07raigering.de\\\/?s={search_term_string}\"},\"query-input\":{\"@type\":\"PropertyValueSpecification\",\"valueRequired\":true,\"valueName\":\"search_term_string\"}}],\"inLanguage\":\"de\"},{\"@type\":\"Organization\",\"@id\":\"https:\\\/\\\/bv07raigering.de\\\/#organization\",\"name\":\"Burschenverein 07 Raigering\",\"url\":\"https:\\\/\\\/bv07raigering.de\\\/\",\"logo\":{\"@type\":\"ImageObject\",\"inLanguage\":\"de\",\"@id\":\"https:\\\/\\\/bv07raigering.de\\\/#\\\/schema\\\/logo\\\/image\\\/\",\"url\":\"https:\\\/\\\/bv07raigering.de\\\/wp-content\\\/uploads\\\/Erinnerungskrug01-Kopie.jpg\",\"contentUrl\":\"https:\\\/\\\/bv07raigering.de\\\/wp-content\\\/uploads\\\/Erinnerungskrug01-Kopie.jpg\",\"width\":626,\"height\":659,\"caption\":\"Burschenverein 07 Raigering\"},\"image\":{\"@id\":\"https:\\\/\\\/bv07raigering.de\\\/#\\\/schema\\\/logo\\\/image\\\/\"},\"sameAs\":[\"https:\\\/\\\/de-de.facebook.com\\\/bv07raigering\\\/\",\"https:\\\/\\\/www.youtube.com\\\/channel\\\/UCviPHFrueelxNaC9zKQaLJQ\"]}]}<\/script>\n<!-- \/ Yoast SEO plugin. -->","yoast_head_json":{"title":"Burschenjahr &#8211; Burschenverein 07 Raigering","robots":{"index":"index","follow":"follow","max-snippet":"max-snippet:-1","max-image-preview":"max-image-preview:large","max-video-preview":"max-video-preview:-1"},"canonical":"https:\/\/bv07raigering.de\/?page_id=9","og_locale":"de_DE","og_type":"article","og_title":"Burschenjahr &#8211; Burschenverein 07 Raigering","og_description":"Mitgliederversammlung: Regelm\u00e4\u00dfig treffen sich die aktiven Burschen zur Mitgliederversammlung. Bei dieser blickt der Vorstand auf die letzten Wochen zur\u00fcck und gibt die n\u00e4chsten Termine bekannt. Au\u00dferdem werden aktuelle Probleme besprochen und \u00fcber Einladungen zu Fahnenweihen diskutiert. Anschlie\u00dfend lassen die Burschen die Versammlung mit Musik, Gesang und \u201eSchnodahipfln\u201c ausklingen. Generalversammlung: Traditionell am Heilig-Drei-K\u00f6nigs-Tag treffen sich die [&hellip;]","og_url":"https:\/\/bv07raigering.de\/?page_id=9","og_site_name":"Burschenverein 07 Raigering","article_publisher":"https:\/\/de-de.facebook.com\/bv07raigering\/","article_modified_time":"2020-01-15T13:28:48+00:00","og_image":[{"width":1000,"height":218,"url":"https:\/\/bv07raigering.de\/wp-content\/uploads\/typische-Ringelung-des-Baumes.jpg","type":"image\/jpeg"}],"twitter_card":"summary_large_image","twitter_misc":{"Gesch\u00e4tzte Lesezeit":"2\u00a0Minuten"},"schema":{"@context":"https:\/\/schema.org","@graph":[{"@type":"WebPage","@id":"https:\/\/bv07raigering.de\/?page_id=9","url":"https:\/\/bv07raigering.de\/?page_id=9","name":"Burschenjahr &#8211; Burschenverein 07 Raigering","isPartOf":{"@id":"https:\/\/bv07raigering.de\/#website"},"primaryImageOfPage":{"@id":"https:\/\/bv07raigering.de\/?page_id=9#primaryimage"},"image":{"@id":"https:\/\/bv07raigering.de\/?page_id=9#primaryimage"},"thumbnailUrl":"https:\/\/bv07raigering.de\/wp-content\/uploads\/typische-Ringelung-des-Baumes.jpg","datePublished":"2014-09-20T08:10:56+00:00","dateModified":"2020-01-15T13:28:48+00:00","breadcrumb":{"@id":"https:\/\/bv07raigering.de\/?page_id=9#breadcrumb"},"inLanguage":"de","potentialAction":[{"@type":"ReadAction","target":["https:\/\/bv07raigering.de\/?page_id=9"]}]},{"@type":"ImageObject","inLanguage":"de","@id":"https:\/\/bv07raigering.de\/?page_id=9#primaryimage","url":"https:\/\/bv07raigering.de\/wp-content\/uploads\/typische-Ringelung-des-Baumes.jpg","contentUrl":"https:\/\/bv07raigering.de\/wp-content\/uploads\/typische-Ringelung-des-Baumes.jpg","width":1000,"height":218},{"@type":"BreadcrumbList","@id":"https:\/\/bv07raigering.de\/?page_id=9#breadcrumb","itemListElement":[{"@type":"ListItem","position":1,"name":"Startseite","item":"https:\/\/bv07raigering.de\/"},{"@type":"ListItem","position":2,"name":"Burschenjahr"}]},{"@type":"WebSite","@id":"https:\/\/bv07raigering.de\/#website","url":"https:\/\/bv07raigering.de\/","name":"Burschenverein 07 Raigering","description":"","publisher":{"@id":"https:\/\/bv07raigering.de\/#organization"},"potentialAction":[{"@type":"SearchAction","target":{"@type":"EntryPoint","urlTemplate":"https:\/\/bv07raigering.de\/?s={search_term_string}"},"query-input":{"@type":"PropertyValueSpecification","valueRequired":true,"valueName":"search_term_string"}}],"inLanguage":"de"},{"@type":"Organization","@id":"https:\/\/bv07raigering.de\/#organization","name":"Burschenverein 07 Raigering","url":"https:\/\/bv07raigering.de\/","logo":{"@type":"ImageObject","inLanguage":"de","@id":"https:\/\/bv07raigering.de\/#\/schema\/logo\/image\/","url":"https:\/\/bv07raigering.de\/wp-content\/uploads\/Erinnerungskrug01-Kopie.jpg","contentUrl":"https:\/\/bv07raigering.de\/wp-content\/uploads\/Erinnerungskrug01-Kopie.jpg","width":626,"height":659,"caption":"Burschenverein 07 Raigering"},"image":{"@id":"https:\/\/bv07raigering.de\/#\/schema\/logo\/image\/"},"sameAs":["https:\/\/de-de.facebook.com\/bv07raigering\/","https:\/\/www.youtube.com\/channel\/UCviPHFrueelxNaC9zKQaLJQ"]}]}},"_links":{"self":[{"href":"https:\/\/bv07raigering.de\/index.php?rest_route=\/wp\/v2\/pages\/9","targetHints":{"allow":["GET"]}}],"collection":[{"href":"https:\/\/bv07raigering.de\/index.php?rest_route=\/wp\/v2\/pages"}],"about":[{"href":"https:\/\/bv07raigering.de\/index.php?rest_route=\/wp\/v2\/types\/page"}],"author":[{"embeddable":true,"href":"https:\/\/bv07raigering.de\/index.php?rest_route=\/wp\/v2\/users\/3"}],"replies":[{"embeddable":true,"href":"https:\/\/bv07raigering.de\/index.php?rest_route=%2Fwp%2Fv2%2Fcomments&post=9"}],"version-history":[{"count":6,"href":"https:\/\/bv07raigering.de\/index.php?rest_route=\/wp\/v2\/pages\/9\/revisions"}],"predecessor-version":[{"id":802,"href":"https:\/\/bv07raigering.de\/index.php?rest_route=\/wp\/v2\/pages\/9\/revisions\/802"}],"wp:featuredmedia":[{"embeddable":true,"href":"https:\/\/bv07raigering.de\/index.php?rest_route=\/wp\/v2\/media\/620"}],"wp:attachment":[{"href":"https:\/\/bv07raigering.de\/index.php?rest_route=%2Fwp%2Fv2%2Fmedia&parent=9"}],"curies":[{"name":"wp","href":"https:\/\/api.w.org\/{rel}","templated":true}]}}